{"id":3663,"date":"2025-04-02T16:12:34","date_gmt":"2025-04-02T14:12:34","guid":{"rendered":"https:\/\/lizardecology.org\/?page_id=3663"},"modified":"2025-04-02T16:12:34","modified_gmt":"2025-04-02T14:12:34","slug":"anr-tipex-project-2024-2028","status":"publish","type":"page","link":"https:\/\/lizardecology.org\/?page_id=3663","title":{"rendered":"ANR TIPEX Project (2024-2028)"},"content":{"rendered":"\n<p>Tipping points in climate-induced life history plasticity in a reproductively bimodal lizard<\/p>\n\n\n\n<hr class=\"wp-block-separator has-css-opacity\"\/>\n\n\n\n<div class=\"wp-block-media-text alignwide has-media-on-the-right is-stacked-on-mobile\" style=\"grid-template-columns:auto 46%\"><div class=\"wp-block-media-text__content\">\n<p>A project funded by Agence Nationale de la Recherche in France to support a group of six CNRS and University laboratories investigating warming effects on pace-of-life acceleration and senescence.<\/p>\n<\/div><figure class=\"wp-block-media-text__media\"><img loading=\"lazy\" decoding=\"async\" width=\"1024\" height=\"492\" src=\"https:\/\/lizardecology.org\/wp-content\/uploads\/2025\/04\/Figure_ExtinctionLoop_ANRTIPEX-1024x492.png\" alt=\"Overall framework of the research project and hypotheses tested\" class=\"wp-image-3665 size-full\" srcset=\"https:\/\/lizardecology.org\/wp-content\/uploads\/2025\/04\/Figure_ExtinctionLoop_ANRTIPEX-1024x492.png 1024w, https:\/\/lizardecology.org\/wp-content\/uploads\/2025\/04\/Figure_ExtinctionLoop_ANRTIPEX-300x144.png 300w, https:\/\/lizardecology.org\/wp-content\/uploads\/2025\/04\/Figure_ExtinctionLoop_ANRTIPEX-768x369.png 768w, https:\/\/lizardecology.org\/wp-content\/uploads\/2025\/04\/Figure_ExtinctionLoop_ANRTIPEX-1536x738.png 1536w, https:\/\/lizardecology.org\/wp-content\/uploads\/2025\/04\/Figure_ExtinctionLoop_ANRTIPEX-2048x983.png 2048w, https:\/\/lizardecology.org\/wp-content\/uploads\/2025\/04\/Figure_ExtinctionLoop_ANRTIPEX-1080x519.png 1080w\" sizes=\"auto, (max-width: 1024px) 100vw, 1024px\" \/><\/figure><\/div>\n\n\n\n<h2 class=\"wp-block-heading\">About the project<\/h2>\n\n\n\n<p class=\"has-small-font-size\"><br>At the current warming rate, many organisms should go extinct if they are not able to disperse or adapt locally, which often involves plastic responses. In ectotherms, warming influences plastic life history traits with an acceleration of early life production at the expense of longevity and senescence. This may be due to trade-offs involving warming-induced oxidative stress and telomere shortening. Although pace-of-life acceleration may provide short-term benefits, it also increases sensitivity to limited resources, extreme climate events and unusual nighttime thermal conditions. Thus, in an increasingly warmer climate, ectotherms could reach critical physiological thresholds that would precipitate their decline. To date, physiological mechanisms and ecological consequences of this pace-of-life acceleration are poorly characterized. Here, we will combine experimental, observational and analytical approaches to unlock critical gaps in our understanding of thermal plasticity of life history. We will focus on a bimodal reproductive lizard (<em>Zootoca vivipara<\/em>), which offers a unique context to analyze how evolutionary transition between oviparity and viviparity influenced pace-of-life acceleration. Using long-term data sets and surveys across climatic gradients, we will document patterns of pace-of-life acceleration in response to climate warming in the two reproductive modes, focusing on vulnerable populations of the warm margin. In addition, we will perform outdoor and laboratory experiments to identify physiological tipping points in the context of day-night asymmetry of warming and extreme climate events. Given their major potential role in this thermal plasticity, non-energetic trade-offs will be quantified using longitudinal and cross-sectional assays of oxidative stress and telomere length dynamics. Altogether, this project will highlight patterns, mechanisms, and consequences on population viability of pace-of-life acceleration in response to climate warming.<\/p>\n\n\n\n<!--nextpage-->\n\n\n\n<h2 class=\"wp-block-heading\">Work packages<\/h2>\n\n\n\n<hr class=\"wp-block-separator has-css-opacity\"\/>\n\n\n\n<p><strong>WP1 &#8211; Project management, communication, open data and animal welfare<\/strong><\/p>\n\n\n\n<p class=\"has-small-font-size\">In WP1, the project manager will coordinate networking activities, communication and exchange of documents and data. We will organize regular remote meetings emphasizing daily activities and one annual meeting including all participants. Staff recruitment will be managed by each partner in agreement with the coordinator and all implicated partners. The project manager will coordinate the open data and animal welfare policy. External communication will be coordinated by Cistude Nature.<\/p>\n\n\n\n<p><strong>WP2 &#8211; Thermal plasticity and pace-of-life acceleration inside viviparous populations<\/strong><\/p>\n\n\n\n<p class=\"has-small-font-size\">This activity aims at testing if an average increase in ambient temperatures leads to a reduction in generation time associated with faster growth and sexual maturation, greater early life reproductive effort, but reduced longevity and accelerated senescence. Here, we will  investigate comprehensively warming effects on life history strategies using long-term field data of viviparous populations in the Massif Central region with two complementary data sets. We will combine these analyses with an exceptional common garden experiment in the Terrestrial Metatron designed to test the causal relationship between summer warming and early life history across the geographic range.<\/p>\n\n\n\n<p><strong>WP3 &#8211; Thermal plasticity and pace-of-life acceleration inside oviparous populations<\/strong><\/p>\n\n\n\n<p class=\"has-small-font-size\">We hypothesize that populations with an oviparous reproductive mode are located on a faster line of the life history continuum than viviparous populations. To test this, we will extend our comparative analysis to oviparous populations from Southwestern France. Our preliminary investigations identified sites spreading from sea level to the mountain range of the Pyrenees, where common lizards face a wide diversity of climates and occupy a range of habitats. The possibility to reproduce our analysis of pace-of-life acceleration in closely related oviparous populations will open a window to understanding this key evolutionary innovation and its ecological consequences<\/p>\n\n\n\n<p><strong>WP4 &#8211; Increased risks of tipping points and population decline<\/strong><\/p>\n\n\n\n<p class=\"has-small-font-size\">This activity is aimed at testing causal environmental factors and sensitive life stages during which warmer conditions increase the risks of reaching critical physiological tipping points. In earlier studies with viviparous common lizards, we found decreased body condition maintenance below critical temperatures due to the interaction of multiple stressors such as high nighttime temperatures, limited food intake and water deprivation. Cross-sectional surveys of viviparous populations further indicate that high nighttime temperatures during the summer time are more predictive of pace-of-life acceleration than high daytime temperature. Here, we will test these hypotheses and refine proximate mechanisms involved in pace-of-life acceleration using 3 sets of controlled laboratory experiments with wild lizards from both reproductive modes. <\/p>\n\n\n\n<p><strong>WP5 &#8211; Physiological assays of oxidative stress and telomere biology<\/strong><\/p>\n\n\n\n<p class=\"has-small-font-size\">To clarify the proximate physiological mechanisms involved in pace-of-life acceleration, we will focus on non-energetic trade-offs between production and maintenance (oxidative stress including DNA damage and telomere biology), since this trade-off is a central one involved in the regulation of the pace-of-life. We will conduct a number of biological assays in lizards from WP2, WP3 and WP4, where we will (i) measure TL using a qPCR method, (ii) quantify blood oxidative balance including reactive oxygen species (ROS, mostly organic hydroperoxides) and antioxidant capacity (total antioxidant barrier), and (iii) measure DNA oxidative damages and repair mechanisms.<\/p>\n\n\n\n<!--nextpage-->\n\n\n\n<h2 class=\"wp-block-heading\">Partnership<\/h2>\n\n\n\n<hr class=\"wp-block-separator has-css-opacity is-style-default\"\/>\n\n\n\n<div class=\"wp-block-media-text alignwide has-media-on-the-right is-stacked-on-mobile has-black-color has-text-color\" style=\"grid-template-columns:auto 20%\"><div class=\"wp-block-media-text__content\">\n<p class=\"has-text-align-left has-small-font-size\">The CEREEP-Ecotron IleDeFrance center will coordinate project, lead WP1 and participate in all tasks of the project. Individual participants at CEREEP-Ecotron IleDeFrance are:<\/p>\n\n\n\n<ul style=\"font-size:12px\" class=\"wp-block-list\">\n<li>Jean-Fran\u00e7ois Le Galliard (project coordinator)<\/li>\n\n\n\n<li>Beatriz Decenci\u00e8re (project manager)<\/li>\n\n\n\n<li>Simon Agostini (technician)<\/li>\n<\/ul>\n<\/div><figure class=\"wp-block-media-text__media\"><a href=\"https:\/\/www.cereep.bio.ens.psl.eu\/?lang=fr\"><img loading=\"lazy\" decoding=\"async\" width=\"300\" height=\"300\" src=\"https:\/\/lizardecology.org\/wp-content\/uploads\/2021\/12\/logoCEREEP-EcotronIDF_small-300x300.jpg\" alt=\"\" class=\"wp-image-1707 size-medium\"\/><\/a><\/figure><\/div>\n\n\n\n<hr class=\"wp-block-separator has-text-color has-dark-gray-color has-css-opacity has-dark-gray-background-color has-background is-style-default\"\/>\n\n\n\n<div class=\"wp-block-media-text alignwide has-media-on-the-right is-stacked-on-mobile\" style=\"grid-template-columns:auto 20%\"><div class=\"wp-block-media-text__content\">\n<p class=\"has-small-font-size\">The ISYEB laboratory at Mus\u00e9um National d&#8217;Histoire Naturelle coordinate WP2 and will also participate importantly in WP5 (analytical methods). \u200bIndividual participants at ISYEB are:<\/p>\n\n\n\n<ul style=\"font-size:12px\" class=\"wp-block-list\">\n<li>Pierre de Villemereuil (principal investigator)<\/li>\n\n\n\n<li>Pascaline Chifflet-Belle (engineer)<\/li>\n\n\n\n<li>Collaborators from ERC EvoGenArch and ANR ORACLE<\/li>\n\n\n\n<li>L\u00e9a Koch (PhD student)<\/li>\n<\/ul>\n<\/div><figure class=\"wp-block-media-text__media\"><a href=\"http:\/\/www.cebc.cnrs.fr\/\"><img loading=\"lazy\" decoding=\"async\" width=\"224\" height=\"225\" src=\"https:\/\/lizardecology.org\/wp-content\/uploads\/2025\/04\/isyeb_logo.png\" alt=\"\" class=\"wp-image-3671 size-thumbnail\" srcset=\"https:\/\/lizardecology.org\/wp-content\/uploads\/2025\/04\/isyeb_logo.png 224w, https:\/\/lizardecology.org\/wp-content\/uploads\/2025\/04\/isyeb_logo-150x150.png 150w, https:\/\/lizardecology.org\/wp-content\/uploads\/2025\/04\/isyeb_logo-75x75.png 75w\" sizes=\"auto, (max-width: 224px) 100vw, 224px\" \/><\/a><\/figure><\/div>\n\n\n\n<hr class=\"wp-block-separator has-text-color has-dark-gray-color has-css-opacity has-dark-gray-background-color has-background is-style-default\"\/>\n\n\n\n<div class=\"wp-block-media-text alignwide has-media-on-the-right is-stacked-on-mobile\" style=\"grid-template-columns:auto 20%\"><div class=\"wp-block-media-text__content\">\n<p class=\"has-small-font-size\">The CRBE laboratory in Toulouse coordinate WP2 and will also participate importantly in WP4 (laboratory experiments). \u200bIndividual participants at CRBE are:<\/p>\n\n\n\n<ul style=\"font-size:12px\" class=\"wp-block-list\">\n<li>Julien Cote (principal investigator)<\/li>\n\n\n\n<li>Lucie Di-Gesu (engineer)<\/li>\n\n\n\n<li>Luis San Jose (Postdoctoral researcher)<\/li>\n\n\n\n<li>Th\u00e9o Bodineau (Postdoctoral researcher)<\/li>\n\n\n\n<li>Nicolas Mouret (PhD student)<\/li>\n<\/ul>\n<\/div><figure class=\"wp-block-media-text__media\"><a href=\"http:\/\/www.cebc.cnrs.fr\/\"><img loading=\"lazy\" decoding=\"async\" width=\"1024\" height=\"391\" src=\"https:\/\/lizardecology.org\/wp-content\/uploads\/2025\/04\/cropped-Logo-CRBE-couleur-1536x587-1-1024x391.png\" alt=\"\" class=\"wp-image-3670 size-thumbnail\" srcset=\"https:\/\/lizardecology.org\/wp-content\/uploads\/2025\/04\/cropped-Logo-CRBE-couleur-1536x587-1-1024x391.png 1024w, https:\/\/lizardecology.org\/wp-content\/uploads\/2025\/04\/cropped-Logo-CRBE-couleur-1536x587-1-300x115.png 300w, https:\/\/lizardecology.org\/wp-content\/uploads\/2025\/04\/cropped-Logo-CRBE-couleur-1536x587-1-768x294.png 768w, https:\/\/lizardecology.org\/wp-content\/uploads\/2025\/04\/cropped-Logo-CRBE-couleur-1536x587-1-1080x413.png 1080w, https:\/\/lizardecology.org\/wp-content\/uploads\/2025\/04\/cropped-Logo-CRBE-couleur-1536x587-1.png 1536w\" sizes=\"auto, (max-width: 1024px) 100vw, 1024px\" \/><\/a><\/figure><\/div>\n\n\n\n<hr class=\"wp-block-separator has-text-color has-dark-gray-color has-css-opacity has-dark-gray-background-color has-background is-style-default\"\/>\n\n\n\n<div class=\"wp-block-media-text alignwide has-media-on-the-right is-stacked-on-mobile\" style=\"grid-template-columns:auto 20%\"><div class=\"wp-block-media-text__content\">\n<p class=\"has-small-font-size\">The SETE laboratory in Moulis will participate in WP2. Individual participants at SETE Moulis are:<\/p>\n\n\n\n<ul style=\"font-size:12px\" class=\"wp-block-list\">\n<li>Jean Clobert (principal investigator)<\/li>\n\n\n\n<li>Elvire Bestion (research associate)<\/li>\n\n\n\n<li>Murielle Richard (engineer)<\/li>\n\n\n\n<li>Mireia Alonso-Pont (technician)<\/li>\n\n\n\n<li>Donald B. Miles (foreign collaborator)<\/li>\n<\/ul>\n<\/div><figure class=\"wp-block-media-text__media\"><a href=\"https:\/\/sete-moulis-cnrs.fr\/fr\/\"><img loading=\"lazy\" decoding=\"async\" width=\"110\" height=\"110\" src=\"https:\/\/lizardecology.org\/wp-content\/uploads\/2021\/12\/index_SETE_Moulis.png\" alt=\"\" class=\"wp-image-1713 size-thumbnail\" srcset=\"https:\/\/lizardecology.org\/wp-content\/uploads\/2021\/12\/index_SETE_Moulis.png 110w, https:\/\/lizardecology.org\/wp-content\/uploads\/2021\/12\/index_SETE_Moulis-75x75.png 75w\" sizes=\"auto, (max-width: 110px) 100vw, 110px\" \/><\/a><\/figure><\/div>\n\n\n\n<hr class=\"wp-block-separator has-text-color has-dark-gray-color has-css-opacity has-dark-gray-background-color has-background is-style-default\"\/>\n\n\n\n<div class=\"wp-block-media-text alignwide has-media-on-the-right is-stacked-on-mobile\" style=\"grid-template-columns:auto 20%\"><div class=\"wp-block-media-text__content\">\n<p class=\"has-small-font-size\">The CEBC laboratory at Chiz\u00e9, Universit\u00e9 de la Rochelle will coordinate WP3 and WP4. \u200bIndividual participants at CEBC are:<\/p>\n\n\n\n<ul style=\"font-size:12px\" class=\"wp-block-list\">\n<li>Olivier Lourdais (principal investigator)<\/li>\n\n\n\n<li>Fr\u00e9d\u00e9ric Angelier (research associate)<\/li>\n\n\n\n<li>C\u00e9cile Ribout (engineer)<\/li>\n\n\n\n<li>George A. Brusch (foreign collaborator)<\/li>\n\n\n\n<li>Micha\u00ebl Guillon (research associate, Cistude Nature)<\/li>\n<\/ul>\n<\/div><figure class=\"wp-block-media-text__media\"><a href=\"http:\/\/www.cebc.cnrs.fr\/\"><img loading=\"lazy\" decoding=\"async\" width=\"150\" height=\"86\" src=\"https:\/\/lizardecology.org\/wp-content\/uploads\/2021\/12\/logo_CEBC-150x86.png\" alt=\"\" class=\"wp-image-1709 size-thumbnail\"\/><\/a><\/figure><\/div>\n\n\n\n<hr class=\"wp-block-separator has-text-color has-dark-gray-color has-css-opacity has-dark-gray-background-color has-background is-style-default\"\/>\n\n\n\n<div class=\"wp-block-media-text alignwide has-media-on-the-right is-stacked-on-mobile\" style=\"grid-template-columns:auto 20%\"><div class=\"wp-block-media-text__content\">\n<p class=\"has-small-font-size\">The iEES laboratory at Paris will coordinate WP4 and WP5 and also participate importantly in WP2 and WP3. \u200bIndividual participants at iEES Paris are:<\/p>\n\n\n\n<ul style=\"font-size:12px\" class=\"wp-block-list\">\n<li>Sandrine Meylan (principal investigator)<\/li>\n\n\n\n<li>Thomas Tully (research associate)<\/li>\n\n\n\n<li>Tom van Dooren (research associate)<\/li>\n\n\n\n<li>Baptiste Lemaire (engineer)<\/li>\n\n\n\n<li>Alexis Rutschmann (Postdoctoral researcher)<\/li>\n<\/ul>\n<\/div><figure class=\"wp-block-media-text__media\"><a href=\"https:\/\/iees-paris.fr\/\"><img loading=\"lazy\" decoding=\"async\" width=\"225\" height=\"225\" src=\"https:\/\/lizardecology.org\/wp-content\/uploads\/2021\/12\/index_iEESParis.jpeg\" alt=\"\" class=\"wp-image-1716 size-full\" srcset=\"https:\/\/lizardecology.org\/wp-content\/uploads\/2021\/12\/index_iEESParis.jpeg 225w, https:\/\/lizardecology.org\/wp-content\/uploads\/2021\/12\/index_iEESParis-150x150.jpeg 150w, https:\/\/lizardecology.org\/wp-content\/uploads\/2021\/12\/index_iEESParis-75x75.jpeg 75w\" sizes=\"auto, (max-width: 225px) 100vw, 225px\" \/><\/a><\/figure><\/div>\n\n\n\n<hr class=\"wp-block-separator has-text-color has-dark-gray-color has-css-opacity has-dark-gray-background-color has-background is-style-default\"\/>\n\n\n\n<div class=\"wp-block-media-text alignwide has-media-on-the-right is-stacked-on-mobile\" style=\"grid-template-columns:auto 20%\"><div class=\"wp-block-media-text__content\">\n<p class=\"has-small-font-size\">Our research project also includes a collaboration with Cistude Nature as part of the &#8220;Sentinelles du climat&#8221; research program coordinated by Micha\u00ebl Guillon, as well as collaborations with Soci\u00e9t\u00e9 Herp\u00e9tologique de France, National Parks of Cevennes and Pyr\u00e9n\u00e9es, and CEN Rh\u00f4ne-Alpes. Cistude Nature will be in charge of action-oriented research activities and some outreach programs.<\/p>\n<\/div><figure class=\"wp-block-media-text__media\"><img loading=\"lazy\" decoding=\"async\" width=\"225\" height=\"225\" src=\"https:\/\/lizardecology.org\/wp-content\/uploads\/2021\/12\/index_cistude.jpeg\" alt=\"\" class=\"wp-image-1742 size-thumbnail\" srcset=\"https:\/\/lizardecology.org\/wp-content\/uploads\/2021\/12\/index_cistude.jpeg 225w, https:\/\/lizardecology.org\/wp-content\/uploads\/2021\/12\/index_cistude-150x150.jpeg 150w, https:\/\/lizardecology.org\/wp-content\/uploads\/2021\/12\/index_cistude-75x75.jpeg 75w\" sizes=\"auto, (max-width: 225px) 100vw, 225px\" \/><\/figure><\/div>\n\n\n\n<!--nextpage-->\n\n\n\n<h2 class=\"wp-block-heading\">Publication records<\/h2>\n\n\n\n<p>Work in progress &#8211; first publications expected in 2025<\/p>\n\n\n\n<p><\/p>\n\n\n\n<p class=\"has-small-font-size\"><\/p>\n\n\n\n<p class=\"has-small-font-size\"><\/p>\n\n\n\n<p class=\"has-small-font-size\"><\/p>\n","protected":false},"excerpt":{"rendered":"<p>Tipping points in climate-induced life history plasticity in a reproductively bimodal lizard A project funded by Agence Nationale de la Recherche in France to support a group of six CNRS and University laboratories investigating warming effects on pace-of-life acceleration and senescence. About the project At the current warming rate, many organisms should go extinct if &hellip; <a href=\"https:\/\/lizardecology.org\/?page_id=3663\" class=\"more-link\">Continue reading <span class=\"screen-reader-text\">ANR TIPEX Project (2024-2028)<\/span><\/a><\/p>\n","protected":false},"author":1,"featured_media":0,"parent":0,"menu_order":0,"comment_status":"closed","ping_status":"closed","template":"","meta":{"footnotes":""},"class_list":["post-3663","page","type-page","status-publish","hentry","no-featured-image"],"_links":{"self":[{"href":"https:\/\/lizardecology.org\/index.php?rest_route=\/wp\/v2\/pages\/3663","targetHints":{"allow":["GET"]}}],"collection":[{"href":"https:\/\/lizardecology.org\/index.php?rest_route=\/wp\/v2\/pages"}],"about":[{"href":"https:\/\/lizardecology.org\/index.php?rest_route=\/wp\/v2\/types\/page"}],"author":[{"embeddable":true,"href":"https:\/\/lizardecology.org\/index.php?rest_route=\/wp\/v2\/users\/1"}],"replies":[{"embeddable":true,"href":"https:\/\/lizardecology.org\/index.php?rest_route=%2Fwp%2Fv2%2Fcomments&post=3663"}],"version-history":[{"count":6,"href":"https:\/\/lizardecology.org\/index.php?rest_route=\/wp\/v2\/pages\/3663\/revisions"}],"predecessor-version":[{"id":3672,"href":"https:\/\/lizardecology.org\/index.php?rest_route=\/wp\/v2\/pages\/3663\/revisions\/3672"}],"wp:attachment":[{"href":"https:\/\/lizardecology.org\/index.php?rest_route=%2Fwp%2Fv2%2Fmedia&parent=3663"}],"curies":[{"name":"wp","href":"https:\/\/api.w.org\/{rel}","templated":true}]}}