{"id":40,"date":"2019-11-28T13:51:05","date_gmt":"2019-11-28T13:51:05","guid":{"rendered":"https:\/\/lizardecology.wordpress.com\/?page_id=40"},"modified":"2023-08-31T18:34:44","modified_gmt":"2023-08-31T16:34:44","slug":"bio","status":"publish","type":"page","link":"https:\/\/lizardecology.org\/?page_id=40","title":{"rendered":"About me"},"content":{"rendered":"\n<p><strong>Jean-Francois Le Galliard<\/strong> &#8211; <strong>Senior Researcher <a href=\"https:\/\/inee.cnrs.fr\/\">Institute of Ecology and Environment, CNRS<\/a><\/strong><\/p>\n\n\n\n<p><strong>Visiting Associate Professor at <a href=\"https:\/\/www.ibens.ens.fr\/?lang=fr\">Biology Deparment, Ecole normale sup\u00e9rieure<\/a><\/strong><\/p>\n\n\n\n<p><strong>Adjunct director of <a href=\"https:\/\/www.cereep.biologie.ens.fr\">CEREEP-Ecotron IleDeFrance<\/a><\/strong><\/p>\n\n\n\n<div class=\"wp-block-group\"><div class=\"wp-block-group__inner-container is-layout-flow wp-block-group-is-layout-flow\">\n<div class=\"wp-block-media-text alignwide is-stacked-on-mobile is-vertically-aligned-top\"><figure class=\"wp-block-media-text__media\"><img decoding=\"async\" src=\"https:\/\/lizardecology.org\/wp-content\/uploads\/2019\/12\/img_4564.jpg?w=683\" alt=\"Jean-Francois Le Galliard\" class=\"wp-image-63 size-full\"\/><\/figure><div class=\"wp-block-media-text__content\">\n<p class=\"has-small-font-size\">I am a population ecologist and evolutionary biologist interested in understanding the diversity of life history and behavioral strategies that animals use to survive and reproduce in their changing environment. After a scholarship at the Ecole Normale Sup\u00e9rieure in Paris, i attended the master program of Evolutionary Biology and Ecology at the University of Paris 6. There, I did my PhD project under the supervision of Prof. R\u00e9gis Ferri\u00e8re and Dr. Jean Clobert. My thesis dealt with the evolution of social behaviors in spatially structured populations and involved both theoretical and experimental approaches. After my doctoral studies, I was granted a Marie-Curie Fellowship to work at the CEES in Oslo, Norway, in the research group of Prof. Nils Christian Stenseth. During two years, I studied the interplay between dispersal and population demography in metapopulations of small rodents using of a large scale experimental facility developed by Prof. Rolf Ims at Evenstad.<\/p>\n\n\n\n<p class=\"has-small-font-size\">Since 2006, I am a permanent researcher at the CNRS, now affiliated to the UMR 7618 (iEES Paris) at Sorbonne University. My research projects are broadly interested in population and behavioral ecology using animal models, especially lizards. From 2010 to 2022, i acted like the science director of the CEREEP-Ecotron IleDeFrance field station. This is a unique place in France where we developed modern infrastructures dedicated to experimental ecology including the Ecotron IleDeFrance, Equipex PLANAQUA and other experimental platforms. I am now adjunct director of this research center and coordinator of the French Researc Infrastructure AnaEE France dedicated to experimental, ecology research.<\/p>\n<\/div><\/div>\n<\/div><\/div>\n\n\n\n<p><strong>Highlights<\/strong><\/p>\n\n\n\n<p class=\"has-small-font-size\"><strong>2020. <\/strong> <strong><a href=\"https:\/\/zenodo.org\/record\/2586639\">Habilitation \u00e0 Diriger les Recherches<\/a><\/strong> (HDR) at Sorbonne Universit\u00e9.<\/p>\n\n\n\n<p class=\"has-small-font-size\"><strong>2014. <\/strong> Recipient of the <strong><a href=\"https:\/\/www.cnrs.fr\/fr\/personne\/jean-francois-le-galliard\">CNRS Bronze Medal<\/a> <\/strong>(section 29, ecology and evolution).<\/p>\n\n\n\n<p class=\"has-small-font-size\"><strong>2014. <\/strong> Recipient of the<strong> <a href=\"https:\/\/www.sfecologie.org\/2014\/11\/19\/grand-prix-et-prix-de-la-recherche-sfe-2014\/\">Soci\u00e9t\u00e9 Fran\u00e7aise d&#8217;Ecologie Researcher Award <\/a><\/strong><\/p>\n\n\n\n<p><strong>Research career<\/strong><\/p>\n\n\n\n<p class=\"has-small-font-size\"><strong><strong>2023-present. Adjunct director<\/strong> of the CEREEP \u2013 ECOTRON IleDeFrance (UMS 3194, CNRS-ENS).<\/strong><\/p>\n\n\n\n<p class=\"has-small-font-size\"><strong>2020-present. Senior Researcher <\/strong>(DR2) at the CNRS (UMR 7618, Paris, France).<\/p>\n\n\n\n<p class=\"has-small-font-size\"><strong>2018-present. Coordinator <\/strong>of the <a href=\"https:\/\/www.anaee-france.fr\/\" target=\"_blank\" rel=\"noreferrer noopener\">AnaEE France Research Infrastructure<\/a> (CNRS).<\/p>\n\n\n\n<p class=\"has-small-font-size\"><strong>2017-present. Visiting Associate professor<\/strong> at the Ecole normale sup\u00e9rieure (Biology department)<\/p>\n\n\n\n<p class=\"has-small-font-size\"><strong>2014-2020. Junior Researcher <\/strong>(CR1) at the CNRS (UMR 7618, Paris, France).<\/p>\n\n\n\n<p class=\"has-small-font-size\"><strong>2010-2022. Director<\/strong> of the CEREEP \u2013 ECOTRON IleDeFrance (UMS 3194, CNRS-ENS).<\/p>\n\n\n\n<p class=\"has-small-font-size\"><strong>2009-2013. Junior Researcher <\/strong>(CR1) at the CNRS (UMR 7625, Paris, France).<\/p>\n\n\n\n<p class=\"has-small-font-size\"><strong>2008-2009. Executive director<\/strong> of the CEREEP \u2013 ECOTRON IleDeFrance (UMS 3194, CNRS-ENS).<\/p>\n\n\n\n<p class=\"has-small-font-size\"><strong>2006-2009. Junior Researcher <\/strong>(CR2) at the CNRS (UMR 7625, Paris, France).<\/p>\n\n\n\n<p><strong>Research and investment grants<\/strong><\/p>\n\n\n\n<p class=\"has-small-font-size\"><strong>2024-2027. NERC Research grant<\/strong> &#8220;Sex-specific fitness landscapes in the evolution of egg-laying versus live-birth&#8221; awarded to Kathryn Elmer (University of Glasgow, UK).<\/p>\n\n\n\n<p class=\"has-small-font-size\"><strong>2023-2027. Research grant<\/strong> from ANR \u201cProgramme collaboratif de recherche&#8221;. Grant\u00a0: \u201cDiversification de la niche climatique et vuln\u00e9rabilit\u00e9 aux changements climatiques: une approche m\u00e9caniste\u201d awarded to Olivier Lourdais.<\/p>\n\n\n\n<p class=\"has-small-font-size\"><strong>2023-2027. Research grant<\/strong> from ANR \u201cProgramme collaboratif de recherche&#8221;. Grant\u00a0: \u201cPoints de bascule dans la plasticit\u00e9 du cycle de vie induite par le climat chez un l\u00e9zard \u00e0 reproduction biomodale\u201d.<\/p>\n\n\n\n<p class=\"has-small-font-size\"><strong><strong>2021-2025.<\/strong> <strong>ANR Infrastructure Nationale en Biologie-Sant\u00e9. <\/strong><\/strong>Funding &#8220;AnaEE France Research Infrastructure&#8221;.<\/p>\n\n\n\n<p class=\"has-small-font-size\"><strong>2018-2022. <\/strong><strong>Research grant<\/strong> from ANR \u201cProgramme collaboratif de recherche&#8221;. Grant&nbsp;: \u201cR\u00f4les de la r\u00e9gulation hydrique et thermique dans les r\u00e9ponses \u00e9cologiques au changement climatique\u201d.<\/p>\n\n\n\n<p class=\"has-small-font-size\"><strong>2013-2016.<\/strong> <strong>Research grant<\/strong> from ANR \u201cJeunes Chercheurs\u201d program. \u201cD\u00e9gradation de l\u2019habitat et stress hormonal: combiner th\u00e9orie physiologique et biologie de la conservation\u201d awarded to Sandrine Meylan.<\/p>\n\n\n\n<p class=\"has-small-font-size\"><strong>2013-2016.<\/strong> <strong>Research grant<\/strong> from R2DS network supported by the Region Ile-de-France. \u201cD\u00e9gradation de l&#8217;habitat et r\u00e9ponse au stress: de la physiologie \u00e0 la biologie de la conservation\u201d awarded to Sandrine Meylan.<\/p>\n\n\n\n<p class=\"has-small-font-size\"><strong>2013-2016. R\u00e9gion Ile-de-France DIM Investment funding<\/strong>. R2DS Network. Funding for &#8220;Capteurs en Lacs Artificiels: Suivi et Surveillance des Ecosyst\u00e8mes aquatiques&#8221;.<\/p>\n\n\n\n<p class=\"has-small-font-size\"><strong>2013-2015.<\/strong> <strong>European <\/strong><strong>FEDER program. <\/strong>Funding for &#8220;Development and innovation at Ecotron IleDeFrance&#8221;.<\/p>\n\n\n\n<p class=\"has-small-font-size\"><strong>2012-2020.<\/strong> <strong>ANR Infrastructure Nationale en Biologie-Sant\u00e9. <\/strong>Funding &#8220;Analysis and experimentation on ecosystems &#8211; Services&#8221; (ANAEE-S).<\/p>\n\n\n\n<p class=\"has-small-font-size\"><strong>2011-2015. R\u00e9gion Ile-de-France DIM Investment funding<\/strong>. R2DS Network. Funding for &#8220;Construction of the new Ecotron IleDeFrance building&#8221;.<\/p>\n\n\n\n<p class=\"has-small-font-size\"><strong>2011-2020.<\/strong> <strong>ANR Equipex<\/strong> Funding &#8220;PLAteforme exp\u00e9rimentale Nationale d&#8217;\u00e9cologie AQUAtique&#8221; (PLANAQUA).<\/p>\n\n\n\n<p class=\"has-small-font-size\"><strong>2008-2012.<\/strong> <strong>Research grant<\/strong> from NFR (<a href=\"http:\/\/www.forskningsradet.no\/\">Norges forskningsr\u00e5d<\/a>). \u201cExtinction mechanisms in small populations: linking theory, experiments and observational studies in a comparative setting\u201d.<\/p>\n\n\n\n<p class=\"has-small-font-size\"><strong>2007-2011.<\/strong> <strong>Research grant<\/strong> from R2DS network supported by the Region Ile-de-France. \u201cVuln\u00e9rabilit\u00e9 des petites populations naturelles: approches exp\u00e9rimentales et pr\u00e9dictives des m\u00e9canismes d\u2019extinction\u201d.<\/p>\n\n\n\n<p class=\"has-small-font-size\"><strong>2007-2011.<\/strong> <strong>Research grant<\/strong> from ANR \u201cJeunes Chercheurs\u201d program. \u201cM\u00e9canismes d\u2019extinction dans les petites populations\u201d.<\/p>\n\n\n\n<p class=\"has-small-font-size\"><strong>2004-2006<\/strong>. <strong>Individual<\/strong> <strong>Marie-Curie Fellowship<\/strong> at the University of Oslo (Contract number 501658) supported by the Sixth Framework Program of the European Community.<\/p>\n\n\n\n<p><strong>Student and post-doctoral grants<\/strong><\/p>\n\n\n\n<p class=\"has-small-font-size\"><strong>2022-2025.<\/strong> <strong>IBEES Program (Sorbonne Universit\u00e9)<\/strong> funding for a PhD grant awarded to Nicolas Denize-Proust with Tom van Dooren.<\/p>\n\n\n\n<p class=\"has-small-font-size\"><strong>2021-2024.<\/strong> <strong>Ecole Doctorale Sciences de la Nature et de l\u2019Homme (MNHN, Sorbonne Universit\u00e9)<\/strong> funding for a PhD grant awarded to Th\u00e9o Bodineau with Sandrine Meylan and Pierre de Villemereuil.<\/p>\n\n\n\n<p class=\"has-small-font-size\"><strong>2019-2022.<\/strong> <strong>Ecole normale sup\u00e9rieure<\/strong> funding for a PhD grant awarded to Chlo\u00e9 Chabaud with Olivier Lourdais..<\/p>\n\n\n\n<p class=\"has-small-font-size\"><strong>2018-2020<\/strong>. <strong>Research Grant<\/strong> from <strong>Marie Sk\u0142odowska-Curie Actions <\/strong>awarded to Arnaud Badiane (Individual Fellowship). Grant&nbsp;: \u201cMise en \u00e9vidence des m\u00e9canismes sous-tendant l\u2019\u00e9volution des signaux color\u00e9s ultraviolets\u201d.<\/p>\n\n\n\n<p class=\"has-small-font-size\"><strong>2018-2021.<\/strong> <strong>Ecole Doctorale Sciences de la Nature et de l\u2019Homme (MNHN, Sorbonne Universit\u00e9)<\/strong> funding for a PhD grant awarded to Mathias Dezetter with Olivier Lourdais.<\/p>\n\n\n\n<p class=\"has-small-font-size\"><strong>2016-2019.<\/strong> <strong>Ecole <\/strong><strong>normale sup\u00e9rieure<\/strong> funding for a PhD grant awarded to David Rozen-Rechels with Jean Clobert.<\/p>\n\n\n\n<p class=\"has-small-font-size\"><strong>2013-2016.<\/strong> <strong>Ecole Doctorale Diversit\u00e9 du Vivant<\/strong> funding for a PhD grant awarded to Marta Gallardo Ruiz with Thomas Tully.<\/p>\n\n\n\n<p class=\"has-small-font-size\"><strong>2012-2015.<\/strong> <strong>Resarch Grant from FONDECYT<\/strong> (Chile) awarded to Paulina Artacho.<\/p>\n\n\n\n<p class=\"has-small-font-size\"><strong>2010-2013.<\/strong> <strong>Ecole Doctorale Diversit\u00e9 du Vivant<\/strong> funding for a PhD grant awarded to M\u00e9lissa Martin with Sandrine Meylan.<\/p>\n\n\n\n<p class=\"has-small-font-size\"><strong>2010-2011.<\/strong> <strong>Research Grant<\/strong> from <strong>CONICYT<\/strong> (Chile) awarded to Paulina Artacho (Individual Fellowship).<\/p>\n","protected":false},"excerpt":{"rendered":"<p>Jean-Francois Le Galliard &#8211; Senior Researcher Institute of Ecology and Environment, CNRS Visiting Associate Professor at Biology Deparment, Ecole normale sup\u00e9rieure Adjunct director of CEREEP-Ecotron IleDeFrance I am a population ecologist and evolutionary biologist interested in understanding the diversity of life history and behavioral strategies that animals use to survive and reproduce in their changing &hellip; <a href=\"https:\/\/lizardecology.org\/?page_id=40\" class=\"more-link\">Continue reading <span class=\"screen-reader-text\">About me<\/span><\/a><\/p>\n","protected":false},"author":1,"featured_media":0,"parent":0,"menu_order":0,"comment_status":"closed","ping_status":"closed","template":"","meta":{"footnotes":""},"class_list":["post-40","page","type-page","status-publish","hentry","no-featured-image"],"_links":{"self":[{"href":"https:\/\/lizardecology.org\/index.php?rest_route=\/wp\/v2\/pages\/40","targetHints":{"allow":["GET"]}}],"collection":[{"href":"https:\/\/lizardecology.org\/index.php?rest_route=\/wp\/v2\/pages"}],"about":[{"href":"https:\/\/lizardecology.org\/index.php?rest_route=\/wp\/v2\/types\/page"}],"author":[{"embeddable":true,"href":"https:\/\/lizardecology.org\/index.php?rest_route=\/wp\/v2\/users\/1"}],"replies":[{"embeddable":true,"href":"https:\/\/lizardecology.org\/index.php?rest_route=%2Fwp%2Fv2%2Fcomments&post=40"}],"version-history":[{"count":14,"href":"https:\/\/lizardecology.org\/index.php?rest_route=\/wp\/v2\/pages\/40\/revisions"}],"predecessor-version":[{"id":3040,"href":"https:\/\/lizardecology.org\/index.php?rest_route=\/wp\/v2\/pages\/40\/revisions\/3040"}],"wp:attachment":[{"href":"https:\/\/lizardecology.org\/index.php?rest_route=%2Fwp%2Fv2%2Fmedia&parent=40"}],"curies":[{"name":"wp","href":"https:\/\/api.w.org\/{rel}","templated":true}]}}